{"id":487,"date":"2022-04-11T20:46:25","date_gmt":"2022-04-11T23:46:25","guid":{"rendered":"https:\/\/sispumur.com\/?page_id=487"},"modified":"2022-04-11T21:22:43","modified_gmt":"2022-04-12T00:22:43","slug":"juridico","status":"publish","type":"page","link":"https:\/\/sispumur.com\/index.php\/juridico\/","title":{"rendered":"Jur\u00eddico"},"content":{"rendered":"\t\t<div data-elementor-type=\"wp-page\" data-elementor-id=\"487\" class=\"elementor elementor-487\">\n\t\t\t\t\t\t\t\t\t<section class=\"elementor-section elementor-top-section elementor-element elementor-element-b53eea6 elementor-section-boxed elementor-section-height-default elementor-section-height-default\" data-id=\"b53eea6\" data-element_type=\"section\">\n\t\t\t\t\t\t<div class=\"elementor-container elementor-column-gap-default\">\n\t\t\t\t\t<div class=\"elementor-column elementor-col-100 elementor-top-column elementor-element elementor-element-2bcd6dd\" data-id=\"2bcd6dd\" data-element_type=\"column\">\n\t\t\t<div class=\"elementor-widget-wrap elementor-element-populated\">\n\t\t\t\t\t\t\t\t<div class=\"elementor-element elementor-element-2edbde8 elementor-widget elementor-widget-text-editor\" data-id=\"2edbde8\" data-element_type=\"widget\" data-widget_type=\"text-editor.default\">\n\t\t\t\t<div class=\"elementor-widget-container\">\n\t\t\t<style>\/*! elementor - v3.6.4 - 13-04-2022 *\/\n.elementor-widget-text-editor.elementor-drop-cap-view-stacked .elementor-drop-cap{background-color:#818a91;color:#fff}.elementor-widget-text-editor.elementor-drop-cap-view-framed .elementor-drop-cap{color:#818a91;border:3px solid;background-color:transparent}.elementor-widget-text-editor:not(.elementor-drop-cap-view-default) .elementor-drop-cap{margin-top:8px}.elementor-widget-text-editor:not(.elementor-drop-cap-view-default) .elementor-drop-cap-letter{width:1em;height:1em}.elementor-widget-text-editor .elementor-drop-cap{float:left;text-align:center;line-height:1;font-size:50px}.elementor-widget-text-editor .elementor-drop-cap-letter{display:inline-block}<\/style>\t\t\t\t<h4><strong>Jur\u00eddico<\/strong><\/h4>\t\t\t\t\t\t<\/div>\n\t\t\t\t<\/div>\n\t\t\t\t\t<\/div>\n\t\t<\/div>\n\t\t\t\t\t\t\t<\/div>\n\t\t<\/section>\n\t\t\t\t<section class=\"elementor-section elementor-top-section elementor-element elementor-element-6a501e0 elementor-section-boxed elementor-section-height-default elementor-section-height-default\" data-id=\"6a501e0\" data-element_type=\"section\">\n\t\t\t\t\t\t<div class=\"elementor-container elementor-column-gap-default\">\n\t\t\t\t\t<div class=\"elementor-column elementor-col-100 elementor-top-column elementor-element elementor-element-e468674\" data-id=\"e468674\" data-element_type=\"column\">\n\t\t\t<div class=\"elementor-widget-wrap elementor-element-populated\">\n\t\t\t\t\t\t\t\t<div class=\"elementor-element elementor-element-f85f371 elementor-widget elementor-widget-text-editor\" data-id=\"f85f371\" data-element_type=\"widget\" data-widget_type=\"text-editor.default\">\n\t\t\t\t<div class=\"elementor-widget-container\">\n\t\t\t\t\t\t\t<p><strong>Por que assegurar este servi\u00e7o?<\/strong><\/p><p>Contrary to popular belief, Lorem Ipsum is not simply random text. It has roots in a piece of classical Latin literature from 45 BC, making it over 2000 years old. Richard McClintock, a Latin professor at Hampden-Sydney College in Virginia, looked up one of the more obscure Latin words, consectetur, from a Lorem Ipsum passage, and going through the cites of the word in classical literature, discovered the undoubtable source. Lorem Ipsum comes from sections 1.10.32 and 1.10.33 of &#8220;de Finibus Bonorum et Malorum&#8221; (The Extremes of Good and Evil) by Cicero, written in 45 BC. This book is a treatise on the theory of ethics, very popular during the Renaissance. The first line of Lorem Ipsum, &#8220;Lorem ipsum dolor sit amet..&#8221;, comes from a line in section 1.10.32.<\/p><p>The standard chunk of Lorem Ipsum used since the 1500s is reproduced below for those interested. Sections 1.10.32 and 1.10.33 from &#8220;de Finibus Bonorum et Malorum&#8221; by Cicero are also reproduced in their exact original form, accompanied by English versions from the 1914 translation by H. Rackham.<\/p>\t\t\t\t\t\t<\/div>\n\t\t\t\t<\/div>\n\t\t\t\t\t<\/div>\n\t\t<\/div>\n\t\t\t\t\t\t\t<\/div>\n\t\t<\/section>\n\t\t\t\t<section class=\"elementor-section elementor-top-section elementor-element elementor-element-668b938 elementor-section-boxed elementor-section-height-default elementor-section-height-default\" data-id=\"668b938\" data-element_type=\"section\">\n\t\t\t\t\t\t<div class=\"elementor-container elementor-column-gap-default\">\n\t\t\t\t\t<div class=\"elementor-column elementor-col-100 elementor-top-column elementor-element elementor-element-44e5052\" data-id=\"44e5052\" data-element_type=\"column\">\n\t\t\t<div class=\"elementor-widget-wrap elementor-element-populated\">\n\t\t\t\t\t\t\t\t<div class=\"elementor-element elementor-element-5c8f27f elementor-widget elementor-widget-text-editor\" data-id=\"5c8f27f\" data-element_type=\"widget\" data-widget_type=\"text-editor.default\">\n\t\t\t\t<div class=\"elementor-widget-container\">\n\t\t\t\t\t\t\t<p><strong>Quem presta este servi\u00e7o:<\/strong><\/p>\t\t\t\t\t\t<\/div>\n\t\t\t\t<\/div>\n\t\t\t\t\t<\/div>\n\t\t<\/div>\n\t\t\t\t\t\t\t<\/div>\n\t\t<\/section>\n\t\t\t\t<section class=\"elementor-section elementor-top-section elementor-element elementor-element-6f60020 elementor-section-boxed elementor-section-height-default elementor-section-height-default\" data-id=\"6f60020\" data-element_type=\"section\">\n\t\t\t\t\t\t<div class=\"elementor-container elementor-column-gap-default\">\n\t\t\t\t\t<div class=\"elementor-column elementor-col-33 elementor-top-column elementor-element elementor-element-13e4f10\" data-id=\"13e4f10\" data-element_type=\"column\">\n\t\t\t<div class=\"elementor-widget-wrap elementor-element-populated\">\n\t\t\t\t\t\t\t\t<div class=\"elementor-element elementor-element-fee8d09 elementor-widget elementor-widget-image\" data-id=\"fee8d09\" data-element_type=\"widget\" data-widget_type=\"image.default\">\n\t\t\t\t<div class=\"elementor-widget-container\">\n\t\t\t<style>\/*! elementor - v3.6.4 - 13-04-2022 *\/\n.elementor-widget-image{text-align:center}.elementor-widget-image a{display:inline-block}.elementor-widget-image a img[src$=\".svg\"]{width:48px}.elementor-widget-image img{vertical-align:middle;display:inline-block}<\/style>\t\t\t\t\t\t\t\t\t\t\t\t<img width=\"150\" height=\"150\" src=\"https:\/\/sispumur.com\/wp-content\/uploads\/2022\/04\/images-150x150.jpg\" class=\"attachment-thumbnail size-thumbnail\" alt=\"\" loading=\"lazy\" srcset=\"https:\/\/sispumur.com\/wp-content\/uploads\/2022\/04\/images-150x150.jpg 150w, https:\/\/sispumur.com\/wp-content\/uploads\/2022\/04\/images.jpg 225w\" sizes=\"(max-width: 150px) 100vw, 150px\" \/>\t\t\t\t\t\t\t\t\t\t\t\t\t\t\t<\/div>\n\t\t\t\t<\/div>\n\t\t\t\t\t<\/div>\n\t\t<\/div>\n\t\t\t\t<div class=\"elementor-column elementor-col-66 elementor-top-column elementor-element elementor-element-b67f6d9\" data-id=\"b67f6d9\" data-element_type=\"column\">\n\t\t\t<div class=\"elementor-widget-wrap elementor-element-populated\">\n\t\t\t\t\t\t\t\t<div class=\"elementor-element elementor-element-ab79ff7 elementor-widget elementor-widget-text-editor\" data-id=\"ab79ff7\" data-element_type=\"widget\" data-widget_type=\"text-editor.default\">\n\t\t\t\t<div class=\"elementor-widget-container\">\n\t\t\t\t\t\t\t<p><strong>Nome do prestador do servi\u00e7o<br \/><\/strong><br \/>Lorem ipsum dolor sit amet, consectetur adipiscing elit. Morbi at finibus urna, ac aliquam mauris. Ut quis sem vitae ipsum scelerisque malesuada. Integer luctus leo tortor, sed facilisis nulla varius et. Aenean dictum sapien\u00a0 massa. Nam dictum diam in suscipit sagittis. Sed eu purus mauris. Donec scelerisque vel eros sed bibendum. Duis suscipit vitae tortor vel molestie. Mauris laoreet efficitur sem.<\/p>\t\t\t\t\t\t<\/div>\n\t\t\t\t<\/div>\n\t\t\t\t\t<\/div>\n\t\t<\/div>\n\t\t\t\t\t\t\t<\/div>\n\t\t<\/section>\n\t\t\t\t<section class=\"elementor-section elementor-top-section elementor-element elementor-element-f16af1a elementor-section-boxed elementor-section-height-default elementor-section-height-default\" data-id=\"f16af1a\" data-element_type=\"section\">\n\t\t\t\t\t\t<div class=\"elementor-container elementor-column-gap-default\">\n\t\t\t\t\t<div class=\"elementor-column elementor-col-33 elementor-top-column elementor-element elementor-element-7e1969b\" data-id=\"7e1969b\" data-element_type=\"column\">\n\t\t\t<div class=\"elementor-widget-wrap elementor-element-populated\">\n\t\t\t\t\t\t\t\t<div class=\"elementor-element elementor-element-23028d5 elementor-widget elementor-widget-image\" data-id=\"23028d5\" data-element_type=\"widget\" data-widget_type=\"image.default\">\n\t\t\t\t<div class=\"elementor-widget-container\">\n\t\t\t\t\t\t\t\t\t\t\t\t\t\t\t<img width=\"150\" height=\"150\" src=\"https:\/\/sispumur.com\/wp-content\/uploads\/2022\/04\/avatar-professores-02-270x265-1-150x150.png\" class=\"attachment-thumbnail size-thumbnail\" alt=\"\" loading=\"lazy\" \/>\t\t\t\t\t\t\t\t\t\t\t\t\t\t\t<\/div>\n\t\t\t\t<\/div>\n\t\t\t\t\t<\/div>\n\t\t<\/div>\n\t\t\t\t<div class=\"elementor-column elementor-col-66 elementor-top-column elementor-element elementor-element-338b96d\" data-id=\"338b96d\" data-element_type=\"column\">\n\t\t\t<div class=\"elementor-widget-wrap elementor-element-populated\">\n\t\t\t\t\t\t\t\t<div class=\"elementor-element elementor-element-0517dc2 elementor-widget elementor-widget-text-editor\" data-id=\"0517dc2\" data-element_type=\"widget\" data-widget_type=\"text-editor.default\">\n\t\t\t\t<div class=\"elementor-widget-container\">\n\t\t\t\t\t\t\t<p><strong>Nome do prestador do servi\u00e7o<br \/><\/strong><br \/>Lorem ipsum dolor sit amet, consectetur adipiscing elit. Morbi at finibus urna, ac aliquam mauris. Ut quis sem vitae ipsum scelerisque malesuada. Integer luctus leo tortor, sed facilisis nulla varius et. Aenean dictum sapien\u00a0 massa. Nam dictum diam in suscipit sagittis. Sed eu purus mauris. Donec scelerisque vel eros sed bibendum. Duis suscipit vitae tortor vel molestie. Mauris laoreet efficitur sem.<\/p>\t\t\t\t\t\t<\/div>\n\t\t\t\t<\/div>\n\t\t\t\t\t<\/div>\n\t\t<\/div>\n\t\t\t\t\t\t\t<\/div>\n\t\t<\/section>\n\t\t\t\t<section class=\"elementor-section elementor-top-section elementor-element elementor-element-1e5ec56 elementor-section-boxed elementor-section-height-default elementor-section-height-default\" data-id=\"1e5ec56\" data-element_type=\"section\">\n\t\t\t\t\t\t<div class=\"elementor-container elementor-column-gap-default\">\n\t\t\t\t\t<div class=\"elementor-column elementor-col-33 elementor-top-column elementor-element elementor-element-6c024db\" data-id=\"6c024db\" data-element_type=\"column\">\n\t\t\t<div class=\"elementor-widget-wrap elementor-element-populated\">\n\t\t\t\t\t\t\t\t<div class=\"elementor-element elementor-element-bb7e5d9 elementor-widget elementor-widget-image\" data-id=\"bb7e5d9\" data-element_type=\"widget\" data-widget_type=\"image.default\">\n\t\t\t\t<div class=\"elementor-widget-container\">\n\t\t\t\t\t\t\t\t\t\t\t\t\t\t\t<img width=\"150\" height=\"150\" src=\"https:\/\/sispumur.com\/wp-content\/uploads\/2022\/04\/images-150x150.jpg\" class=\"attachment-thumbnail size-thumbnail\" alt=\"\" loading=\"lazy\" srcset=\"https:\/\/sispumur.com\/wp-content\/uploads\/2022\/04\/images-150x150.jpg 150w, https:\/\/sispumur.com\/wp-content\/uploads\/2022\/04\/images.jpg 225w\" sizes=\"(max-width: 150px) 100vw, 150px\" \/>\t\t\t\t\t\t\t\t\t\t\t\t\t\t\t<\/div>\n\t\t\t\t<\/div>\n\t\t\t\t\t<\/div>\n\t\t<\/div>\n\t\t\t\t<div class=\"elementor-column elementor-col-66 elementor-top-column elementor-element elementor-element-4fef353\" data-id=\"4fef353\" data-element_type=\"column\">\n\t\t\t<div class=\"elementor-widget-wrap elementor-element-populated\">\n\t\t\t\t\t\t\t\t<div class=\"elementor-element elementor-element-a44528a elementor-widget elementor-widget-text-editor\" data-id=\"a44528a\" data-element_type=\"widget\" data-widget_type=\"text-editor.default\">\n\t\t\t\t<div class=\"elementor-widget-container\">\n\t\t\t\t\t\t\t<p><strong>Nome do prestador do servi\u00e7o<br \/><\/strong><br \/>Lorem ipsum dolor sit amet, consectetur adipiscing elit. Morbi at finibus urna, ac aliquam mauris. Ut quis sem vitae ipsum scelerisque malesuada. Integer luctus leo tortor, sed facilisis nulla varius et. Aenean dictum sapien\u00a0 massa. Nam dictum diam in suscipit sagittis. Sed eu purus mauris. Donec scelerisque vel eros sed bibendum. Duis suscipit vitae tortor vel molestie. Mauris laoreet efficitur sem.<\/p>\t\t\t\t\t\t<\/div>\n\t\t\t\t<\/div>\n\t\t\t\t\t<\/div>\n\t\t<\/div>\n\t\t\t\t\t\t\t<\/div>\n\t\t<\/section>\n\t\t\t\t<section class=\"elementor-section elementor-top-section elementor-element elementor-element-bc73125 elementor-section-boxed elementor-section-height-default elementor-section-height-default\" data-id=\"bc73125\" data-element_type=\"section\">\n\t\t\t\t\t\t<div class=\"elementor-container elementor-column-gap-default\">\n\t\t\t\t\t<div class=\"elementor-column elementor-col-100 elementor-top-column elementor-element elementor-element-d58a81f\" data-id=\"d58a81f\" data-element_type=\"column\">\n\t\t\t<div class=\"elementor-widget-wrap elementor-element-populated\">\n\t\t\t\t\t\t\t\t<div class=\"elementor-element elementor-element-d73f2ef elementor-widget elementor-widget-text-editor\" data-id=\"d73f2ef\" data-element_type=\"widget\" data-widget_type=\"text-editor.default\">\n\t\t\t\t<div class=\"elementor-widget-container\">\n\t\t\t\t\t\t\t<p>Lorem ipsum dolor sit amet, making it over 2000 years old. Richard McClintock, a Latin professor at Hampden-Sydney College in Virginia, looked up one of the more obscure Latin words, consectetur, from a Lorem Ipsum passage, and going through the cites of the word in classical literature, discovered the undoubtable source. Lorem Ipsum comes from sections 1.10.32 and 1.10.33 of &#8220;de Finibus consectetur adipiscing elit. Ut elit tellus, luctus nec ullamcorper mattis, pulvinar dapibus leo.<\/p>\t\t\t\t\t\t<\/div>\n\t\t\t\t<\/div>\n\t\t\t\t\t<\/div>\n\t\t<\/div>\n\t\t\t\t\t\t\t<\/div>\n\t\t<\/section>\n\t\t\t\t\t\t\t<\/div>\n\t\t","protected":false},"excerpt":{"rendered":"<p>Jur\u00eddico Por que assegurar este servi\u00e7o? Contrary to popular belief, Lorem Ipsum is not simply random text. It has roots<\/p>\n","protected":false},"author":1,"featured_media":0,"parent":0,"menu_order":0,"comment_status":"closed","ping_status":"closed","template":"","meta":[],"yoast_head":"<!-- This site is optimized with the Yoast SEO plugin v19.13 - https:\/\/yoast.com\/wordpress\/plugins\/seo\/ -->\n<title>Jur\u00eddico - SISPUMUR<\/title>\n<meta name=\"robots\" content=\"index, follow, max-snippet:-1, max-image-preview:large, max-video-preview:-1\" \/>\n<link rel=\"canonical\" href=\"https:\/\/sispumur.com\/index.php\/juridico\/\" \/>\n<meta property=\"og:locale\" content=\"pt_BR\" \/>\n<meta property=\"og:type\" content=\"article\" \/>\n<meta property=\"og:title\" content=\"Jur\u00eddico - SISPUMUR\" \/>\n<meta property=\"og:description\" content=\"Jur\u00eddico Por que assegurar este servi\u00e7o? Contrary to popular belief, Lorem Ipsum is not simply random text. It has roots\" \/>\n<meta property=\"og:url\" content=\"https:\/\/sispumur.com\/index.php\/juridico\/\" \/>\n<meta property=\"og:site_name\" content=\"SISPUMUR\" \/>\n<meta property=\"article:publisher\" content=\"https:\/\/www.facebook.com\/sispumur.guanambi\" \/>\n<meta property=\"article:modified_time\" content=\"2022-04-12T00:22:43+00:00\" \/>\n<meta property=\"og:image\" content=\"http:\/\/sispumur.com\/wp-content\/uploads\/2022\/04\/images-150x150.jpg\" \/>\n<meta name=\"twitter:card\" content=\"summary_large_image\" \/>\n<meta name=\"twitter:label1\" content=\"Est. tempo de leitura\" \/>\n\t<meta name=\"twitter:data1\" content=\"4 minutos\" \/>\n<script type=\"application\/ld+json\" class=\"yoast-schema-graph\">{\"@context\":\"https:\/\/schema.org\",\"@graph\":[{\"@type\":\"WebPage\",\"@id\":\"https:\/\/sispumur.com\/index.php\/juridico\/\",\"url\":\"https:\/\/sispumur.com\/index.php\/juridico\/\",\"name\":\"Jur\u00eddico - SISPUMUR\",\"isPartOf\":{\"@id\":\"https:\/\/sispumur.com\/#website\"},\"datePublished\":\"2022-04-11T23:46:25+00:00\",\"dateModified\":\"2022-04-12T00:22:43+00:00\",\"breadcrumb\":{\"@id\":\"https:\/\/sispumur.com\/index.php\/juridico\/#breadcrumb\"},\"inLanguage\":\"pt-BR\",\"potentialAction\":[{\"@type\":\"ReadAction\",\"target\":[\"https:\/\/sispumur.com\/index.php\/juridico\/\"]}]},{\"@type\":\"BreadcrumbList\",\"@id\":\"https:\/\/sispumur.com\/index.php\/juridico\/#breadcrumb\",\"itemListElement\":[{\"@type\":\"ListItem\",\"position\":1,\"name\":\"In\u00edcio\",\"item\":\"https:\/\/sispumur.com\/\"},{\"@type\":\"ListItem\",\"position\":2,\"name\":\"Jur\u00eddico\"}]},{\"@type\":\"WebSite\",\"@id\":\"https:\/\/sispumur.com\/#website\",\"url\":\"https:\/\/sispumur.com\/\",\"name\":\"SISPUMUR\",\"description\":\"Sindicato dos Servidores P\u00fablicos Municipais de Guanambi, Candiba, Pindai e Matina BA\",\"publisher\":{\"@id\":\"https:\/\/sispumur.com\/#organization\"},\"potentialAction\":[{\"@type\":\"SearchAction\",\"target\":{\"@type\":\"EntryPoint\",\"urlTemplate\":\"https:\/\/sispumur.com\/?s={search_term_string}\"},\"query-input\":\"required name=search_term_string\"}],\"inLanguage\":\"pt-BR\"},{\"@type\":\"Organization\",\"@id\":\"https:\/\/sispumur.com\/#organization\",\"name\":\"SISPUMUR\",\"url\":\"https:\/\/sispumur.com\/\",\"logo\":{\"@type\":\"ImageObject\",\"inLanguage\":\"pt-BR\",\"@id\":\"https:\/\/sispumur.com\/#\/schema\/logo\/image\/\",\"url\":\"https:\/\/sispumur.com\/wp-content\/uploads\/2022\/03\/cropped-logo-e1648996529694.png\",\"contentUrl\":\"https:\/\/sispumur.com\/wp-content\/uploads\/2022\/03\/cropped-logo-e1648996529694.png\",\"width\":120,\"height\":120,\"caption\":\"SISPUMUR\"},\"image\":{\"@id\":\"https:\/\/sispumur.com\/#\/schema\/logo\/image\/\"},\"sameAs\":[\"https:\/\/www.instagram.com\/sind_sispumur\",\"https:\/\/www.youtube.com\/channel\/UCd_xn57Fx4ZaXe51bAmYGNg\",\"https:\/\/www.facebook.com\/sispumur.guanambi\"]}]}<\/script>\n<!-- \/ Yoast SEO plugin. -->","yoast_head_json":{"title":"Jur\u00eddico - SISPUMUR","robots":{"index":"index","follow":"follow","max-snippet":"max-snippet:-1","max-image-preview":"max-image-preview:large","max-video-preview":"max-video-preview:-1"},"canonical":"https:\/\/sispumur.com\/index.php\/juridico\/","og_locale":"pt_BR","og_type":"article","og_title":"Jur\u00eddico - SISPUMUR","og_description":"Jur\u00eddico Por que assegurar este servi\u00e7o? Contrary to popular belief, Lorem Ipsum is not simply random text. It has roots","og_url":"https:\/\/sispumur.com\/index.php\/juridico\/","og_site_name":"SISPUMUR","article_publisher":"https:\/\/www.facebook.com\/sispumur.guanambi","article_modified_time":"2022-04-12T00:22:43+00:00","og_image":[{"url":"http:\/\/sispumur.com\/wp-content\/uploads\/2022\/04\/images-150x150.jpg"}],"twitter_card":"summary_large_image","twitter_misc":{"Est. tempo de leitura":"4 minutos"},"schema":{"@context":"https:\/\/schema.org","@graph":[{"@type":"WebPage","@id":"https:\/\/sispumur.com\/index.php\/juridico\/","url":"https:\/\/sispumur.com\/index.php\/juridico\/","name":"Jur\u00eddico - SISPUMUR","isPartOf":{"@id":"https:\/\/sispumur.com\/#website"},"datePublished":"2022-04-11T23:46:25+00:00","dateModified":"2022-04-12T00:22:43+00:00","breadcrumb":{"@id":"https:\/\/sispumur.com\/index.php\/juridico\/#breadcrumb"},"inLanguage":"pt-BR","potentialAction":[{"@type":"ReadAction","target":["https:\/\/sispumur.com\/index.php\/juridico\/"]}]},{"@type":"BreadcrumbList","@id":"https:\/\/sispumur.com\/index.php\/juridico\/#breadcrumb","itemListElement":[{"@type":"ListItem","position":1,"name":"In\u00edcio","item":"https:\/\/sispumur.com\/"},{"@type":"ListItem","position":2,"name":"Jur\u00eddico"}]},{"@type":"WebSite","@id":"https:\/\/sispumur.com\/#website","url":"https:\/\/sispumur.com\/","name":"SISPUMUR","description":"Sindicato dos Servidores P\u00fablicos Municipais de Guanambi, Candiba, Pindai e Matina BA","publisher":{"@id":"https:\/\/sispumur.com\/#organization"},"potentialAction":[{"@type":"SearchAction","target":{"@type":"EntryPoint","urlTemplate":"https:\/\/sispumur.com\/?s={search_term_string}"},"query-input":"required name=search_term_string"}],"inLanguage":"pt-BR"},{"@type":"Organization","@id":"https:\/\/sispumur.com\/#organization","name":"SISPUMUR","url":"https:\/\/sispumur.com\/","logo":{"@type":"ImageObject","inLanguage":"pt-BR","@id":"https:\/\/sispumur.com\/#\/schema\/logo\/image\/","url":"https:\/\/sispumur.com\/wp-content\/uploads\/2022\/03\/cropped-logo-e1648996529694.png","contentUrl":"https:\/\/sispumur.com\/wp-content\/uploads\/2022\/03\/cropped-logo-e1648996529694.png","width":120,"height":120,"caption":"SISPUMUR"},"image":{"@id":"https:\/\/sispumur.com\/#\/schema\/logo\/image\/"},"sameAs":["https:\/\/www.instagram.com\/sind_sispumur","https:\/\/www.youtube.com\/channel\/UCd_xn57Fx4ZaXe51bAmYGNg","https:\/\/www.facebook.com\/sispumur.guanambi"]}]}},"_links":{"self":[{"href":"https:\/\/sispumur.com\/index.php\/wp-json\/wp\/v2\/pages\/487"}],"collection":[{"href":"https:\/\/sispumur.com\/index.php\/wp-json\/wp\/v2\/pages"}],"about":[{"href":"https:\/\/sispumur.com\/index.php\/wp-json\/wp\/v2\/types\/page"}],"author":[{"embeddable":true,"href":"https:\/\/sispumur.com\/index.php\/wp-json\/wp\/v2\/users\/1"}],"replies":[{"embeddable":true,"href":"https:\/\/sispumur.com\/index.php\/wp-json\/wp\/v2\/comments?post=487"}],"version-history":[{"count":16,"href":"https:\/\/sispumur.com\/index.php\/wp-json\/wp\/v2\/pages\/487\/revisions"}],"predecessor-version":[{"id":524,"href":"https:\/\/sispumur.com\/index.php\/wp-json\/wp\/v2\/pages\/487\/revisions\/524"}],"wp:attachment":[{"href":"https:\/\/sispumur.com\/index.php\/wp-json\/wp\/v2\/media?parent=487"}],"curies":[{"name":"wp","href":"https:\/\/api.w.org\/{rel}","templated":true}]}}