{"id":166,"date":"2022-04-04T10:14:45","date_gmt":"2022-04-04T13:14:45","guid":{"rendered":"https:\/\/sispumur.com\/?page_id=166"},"modified":"2022-04-08T16:21:48","modified_gmt":"2022-04-08T19:21:48","slug":"elementor-166","status":"publish","type":"page","link":"https:\/\/sispumur.com\/index.php\/elementor-166\/","title":{"rendered":"Legisla\u00e7\u00e3o"},"content":{"rendered":"\t\t<div data-elementor-type=\"wp-page\" data-elementor-id=\"166\" class=\"elementor elementor-166\">\n\t\t\t\t\t\t\t\t\t<section class=\"elementor-section elementor-top-section elementor-element elementor-element-7652ef7 elementor-section-boxed elementor-section-height-default elementor-section-height-default\" data-id=\"7652ef7\" data-element_type=\"section\">\n\t\t\t\t\t\t<div class=\"elementor-container elementor-column-gap-default\">\n\t\t\t\t\t<div class=\"elementor-column elementor-col-100 elementor-top-column elementor-element elementor-element-2a83b21\" data-id=\"2a83b21\" data-element_type=\"column\">\n\t\t\t<div class=\"elementor-widget-wrap elementor-element-populated\">\n\t\t\t\t\t\t\t\t<div class=\"elementor-element elementor-element-d6549a5 elementor-widget elementor-widget-text-editor\" data-id=\"d6549a5\" data-element_type=\"widget\" data-widget_type=\"text-editor.default\">\n\t\t\t\t<div class=\"elementor-widget-container\">\n\t\t\t<style>\/*! elementor - v3.6.4 - 13-04-2022 *\/\n.elementor-widget-text-editor.elementor-drop-cap-view-stacked .elementor-drop-cap{background-color:#818a91;color:#fff}.elementor-widget-text-editor.elementor-drop-cap-view-framed .elementor-drop-cap{color:#818a91;border:3px solid;background-color:transparent}.elementor-widget-text-editor:not(.elementor-drop-cap-view-default) .elementor-drop-cap{margin-top:8px}.elementor-widget-text-editor:not(.elementor-drop-cap-view-default) .elementor-drop-cap-letter{width:1em;height:1em}.elementor-widget-text-editor .elementor-drop-cap{float:left;text-align:center;line-height:1;font-size:50px}.elementor-widget-text-editor .elementor-drop-cap-letter{display:inline-block}<\/style>\t\t\t\t<h4><strong>Legisla\u00e7\u00e3o<\/strong><\/h4>\t\t\t\t\t\t<\/div>\n\t\t\t\t<\/div>\n\t\t\t\t\t<\/div>\n\t\t<\/div>\n\t\t\t\t\t\t\t<\/div>\n\t\t<\/section>\n\t\t\t\t<section class=\"elementor-section elementor-top-section elementor-element elementor-element-c24cd3e elementor-section-boxed elementor-section-height-default elementor-section-height-default\" data-id=\"c24cd3e\" data-element_type=\"section\">\n\t\t\t\t\t\t<div class=\"elementor-container elementor-column-gap-default\">\n\t\t\t\t\t<div class=\"elementor-column elementor-col-100 elementor-top-column elementor-element elementor-element-0dfdbf2\" data-id=\"0dfdbf2\" data-element_type=\"column\">\n\t\t\t<div class=\"elementor-widget-wrap elementor-element-populated\">\n\t\t\t\t\t\t\t\t<div class=\"elementor-element elementor-element-4bfb9d9 elementor-widget elementor-widget-text-editor\" data-id=\"4bfb9d9\" data-element_type=\"widget\" data-widget_type=\"text-editor.default\">\n\t\t\t\t<div class=\"elementor-widget-container\">\n\t\t\t\t\t\t\t<p><span style=\"color: #000000; font-family: 'Open Sans', Arial, sans-serif; font-size: 14px; font-style: normal; font-variant-ligatures: normal; font-variant-caps: normal; font-weight: 400; text-align: justify;\">Integer non elementum nulla, sit amet sodales nisi. Integer non velit tempor, rhoncus mi vitae, eleifend quam. Etiam vel sapien bibendum, pellentesque odio vel, tincidunt erat. Interdum et malesuada fames ac ante ipsum primis in faucibus. Suspendisse lorem neque, pulvinar eu rutrum eget, maximus sed massa. Cras varius auctor diam, a aliquet leo. Pellentesque hendrerit facilisis bibendum.<\/span><\/p>\t\t\t\t\t\t<\/div>\n\t\t\t\t<\/div>\n\t\t\t\t\t<\/div>\n\t\t<\/div>\n\t\t\t\t\t\t\t<\/div>\n\t\t<\/section>\n\t\t\t\t<section class=\"elementor-section elementor-top-section elementor-element elementor-element-a573903 elementor-section-boxed elementor-section-height-default elementor-section-height-default\" data-id=\"a573903\" data-element_type=\"section\">\n\t\t\t\t\t\t<div class=\"elementor-container elementor-column-gap-default\">\n\t\t\t\t\t<div class=\"elementor-column elementor-col-25 elementor-top-column elementor-element elementor-element-bf87aaa\" data-id=\"bf87aaa\" data-element_type=\"column\">\n\t\t\t<div class=\"elementor-widget-wrap elementor-element-populated\">\n\t\t\t\t\t\t\t\t<div class=\"elementor-element elementor-element-19f53b4 elementor-view-stacked elementor-shape-square elementor-widget elementor-widget-icon\" data-id=\"19f53b4\" data-element_type=\"widget\" data-widget_type=\"icon.default\">\n\t\t\t\t<div class=\"elementor-widget-container\">\n\t\t\t\t\t<div class=\"elementor-icon-wrapper\">\n\t\t\t<a class=\"elementor-icon\" href=\"https:\/\/sispumur.com\/downloads\/002489_lei_organica_municipio.pdf\" target=\"_blank\">\n\t\t\t<i aria-hidden=\"true\" class=\"far fa-file-pdf\"><\/i>\t\t\t<\/a>\n\t\t<\/div>\n\t\t\t\t<\/div>\n\t\t\t\t<\/div>\n\t\t\t\t\t<\/div>\n\t\t<\/div>\n\t\t\t\t<div class=\"elementor-column elementor-col-25 elementor-top-column elementor-element elementor-element-ff7191c\" data-id=\"ff7191c\" data-element_type=\"column\">\n\t\t\t<div class=\"elementor-widget-wrap elementor-element-populated\">\n\t\t\t\t\t\t\t\t<div class=\"elementor-element elementor-element-30980d5 elementor-widget elementor-widget-text-editor\" data-id=\"30980d5\" data-element_type=\"widget\" data-widget_type=\"text-editor.default\">\n\t\t\t\t<div class=\"elementor-widget-container\">\n\t\t\t\t\t\t\t<p><span style=\"font-family: 'Open Sans', serif; font-size: 16px; color: var( --e-global-color-text );\"><strong>Lei org\u00e2nica do munic\u00edpio<\/strong><br \/><\/span><\/p>\t\t\t\t\t\t<\/div>\n\t\t\t\t<\/div>\n\t\t\t\t\t<\/div>\n\t\t<\/div>\n\t\t\t\t<div class=\"elementor-column elementor-col-25 elementor-top-column elementor-element elementor-element-b79aafe\" data-id=\"b79aafe\" data-element_type=\"column\">\n\t\t\t<div class=\"elementor-widget-wrap elementor-element-populated\">\n\t\t\t\t\t\t\t\t<div class=\"elementor-element elementor-element-0ec4297 elementor-view-stacked elementor-shape-square elementor-widget elementor-widget-icon\" data-id=\"0ec4297\" data-element_type=\"widget\" data-widget_type=\"icon.default\">\n\t\t\t\t<div class=\"elementor-widget-container\">\n\t\t\t\t\t<div class=\"elementor-icon-wrapper\">\n\t\t\t<a class=\"elementor-icon\" href=\"https:\/\/sispumur.com\/downloads\/002491_plano_carreira.pdf\" target=\"_blank\">\n\t\t\t<i aria-hidden=\"true\" class=\"far fa-file-pdf\"><\/i>\t\t\t<\/a>\n\t\t<\/div>\n\t\t\t\t<\/div>\n\t\t\t\t<\/div>\n\t\t\t\t\t<\/div>\n\t\t<\/div>\n\t\t\t\t<div class=\"elementor-column elementor-col-25 elementor-top-column elementor-element elementor-element-5bef822\" data-id=\"5bef822\" data-element_type=\"column\">\n\t\t\t<div class=\"elementor-widget-wrap elementor-element-populated\">\n\t\t\t\t\t\t\t\t<div class=\"elementor-element elementor-element-e847a84 elementor-widget elementor-widget-text-editor\" data-id=\"e847a84\" data-element_type=\"widget\" data-widget_type=\"text-editor.default\">\n\t\t\t\t<div class=\"elementor-widget-container\">\n\t\t\t\t\t\t\t<p><strong><span style=\"font-family: 'Open Sans', serif; font-size: 16px; color: var( --e-global-color-text );\">Plano de carreira do magist\u00e9rio<\/span><\/strong><\/p>\t\t\t\t\t\t<\/div>\n\t\t\t\t<\/div>\n\t\t\t\t\t<\/div>\n\t\t<\/div>\n\t\t\t\t\t\t\t<\/div>\n\t\t<\/section>\n\t\t\t\t<section class=\"elementor-section elementor-top-section elementor-element elementor-element-31c05ab elementor-section-boxed elementor-section-height-default elementor-section-height-default\" data-id=\"31c05ab\" data-element_type=\"section\">\n\t\t\t\t\t\t<div class=\"elementor-container elementor-column-gap-default\">\n\t\t\t\t\t<div class=\"elementor-column elementor-col-25 elementor-top-column elementor-element elementor-element-ac3a8d8\" data-id=\"ac3a8d8\" data-element_type=\"column\">\n\t\t\t<div class=\"elementor-widget-wrap elementor-element-populated\">\n\t\t\t\t\t\t\t\t<div class=\"elementor-element elementor-element-68ebcbe elementor-view-stacked elementor-shape-square elementor-widget elementor-widget-icon\" data-id=\"68ebcbe\" data-element_type=\"widget\" data-widget_type=\"icon.default\">\n\t\t\t\t<div class=\"elementor-widget-container\">\n\t\t\t\t\t<div class=\"elementor-icon-wrapper\">\n\t\t\t<a class=\"elementor-icon\" href=\"https:\/\/sispumur.com\/downloads\/002488_estatuto_servidor.pdf\" target=\"_blank\">\n\t\t\t<i aria-hidden=\"true\" class=\"far fa-file-pdf\"><\/i>\t\t\t<\/a>\n\t\t<\/div>\n\t\t\t\t<\/div>\n\t\t\t\t<\/div>\n\t\t\t\t\t<\/div>\n\t\t<\/div>\n\t\t\t\t<div class=\"elementor-column elementor-col-25 elementor-top-column elementor-element elementor-element-0a6ddb9\" data-id=\"0a6ddb9\" data-element_type=\"column\">\n\t\t\t<div class=\"elementor-widget-wrap elementor-element-populated\">\n\t\t\t\t\t\t\t\t<div class=\"elementor-element elementor-element-5b7ffa7 elementor-widget elementor-widget-text-editor\" data-id=\"5b7ffa7\" data-element_type=\"widget\" data-widget_type=\"text-editor.default\">\n\t\t\t\t<div class=\"elementor-widget-container\">\n\t\t\t\t\t\t\t<p><strong><span style=\"font-family: 'Open Sans', serif; font-size: 16px; color: var( --e-global-color-text );\">Estatuto dos Servidores P\u00fablicos<\/span><\/strong><\/p>\t\t\t\t\t\t<\/div>\n\t\t\t\t<\/div>\n\t\t\t\t\t<\/div>\n\t\t<\/div>\n\t\t\t\t<div class=\"elementor-column elementor-col-25 elementor-top-column elementor-element elementor-element-06e0cea\" data-id=\"06e0cea\" data-element_type=\"column\">\n\t\t\t<div class=\"elementor-widget-wrap elementor-element-populated\">\n\t\t\t\t\t\t\t\t<div class=\"elementor-element elementor-element-b7db5bd elementor-view-stacked elementor-shape-square elementor-widget elementor-widget-icon\" data-id=\"b7db5bd\" data-element_type=\"widget\" data-widget_type=\"icon.default\">\n\t\t\t\t<div class=\"elementor-widget-container\">\n\t\t\t\t\t<div class=\"elementor-icon-wrapper\">\n\t\t\t<a class=\"elementor-icon\" href=\"https:\/\/sispumur.com\/downloads\/002490_plano_cargos.pdf\" target=\"_blank\">\n\t\t\t<i aria-hidden=\"true\" class=\"far fa-file-pdf\"><\/i>\t\t\t<\/a>\n\t\t<\/div>\n\t\t\t\t<\/div>\n\t\t\t\t<\/div>\n\t\t\t\t\t<\/div>\n\t\t<\/div>\n\t\t\t\t<div class=\"elementor-column elementor-col-25 elementor-top-column elementor-element elementor-element-8a65927\" data-id=\"8a65927\" data-element_type=\"column\">\n\t\t\t<div class=\"elementor-widget-wrap elementor-element-populated\">\n\t\t\t\t\t\t\t\t<div class=\"elementor-element elementor-element-705dac9 elementor-widget elementor-widget-text-editor\" data-id=\"705dac9\" data-element_type=\"widget\" data-widget_type=\"text-editor.default\">\n\t\t\t\t<div class=\"elementor-widget-container\">\n\t\t\t\t\t\t\t<p><strong>Plano de Carreira dos Servidores P\u00fablicos<\/strong><\/p>\t\t\t\t\t\t<\/div>\n\t\t\t\t<\/div>\n\t\t\t\t\t<\/div>\n\t\t<\/div>\n\t\t\t\t\t\t\t<\/div>\n\t\t<\/section>\n\t\t\t\t<section class=\"elementor-section elementor-top-section elementor-element elementor-element-d3cb234 elementor-section-boxed elementor-section-height-default elementor-section-height-default\" data-id=\"d3cb234\" data-element_type=\"section\">\n\t\t\t\t\t\t<div class=\"elementor-container elementor-column-gap-default\">\n\t\t\t\t\t<div class=\"elementor-column elementor-col-25 elementor-top-column elementor-element elementor-element-54fb81d\" data-id=\"54fb81d\" data-element_type=\"column\">\n\t\t\t<div class=\"elementor-widget-wrap elementor-element-populated\">\n\t\t\t\t\t\t\t\t<div class=\"elementor-element elementor-element-826c640 elementor-view-stacked elementor-shape-square elementor-widget elementor-widget-icon\" data-id=\"826c640\" data-element_type=\"widget\" data-widget_type=\"icon.default\">\n\t\t\t\t<div class=\"elementor-widget-container\">\n\t\t\t\t\t<div class=\"elementor-icon-wrapper\">\n\t\t\t<a class=\"elementor-icon\" href=\"https:\/\/sispumur.com\/downloads\/002494_regimento_interno_cme.pdf\" target=\"_blank\">\n\t\t\t<i aria-hidden=\"true\" class=\"far fa-file-pdf\"><\/i>\t\t\t<\/a>\n\t\t<\/div>\n\t\t\t\t<\/div>\n\t\t\t\t<\/div>\n\t\t\t\t\t<\/div>\n\t\t<\/div>\n\t\t\t\t<div class=\"elementor-column elementor-col-25 elementor-top-column elementor-element elementor-element-9c7dcc9\" data-id=\"9c7dcc9\" data-element_type=\"column\">\n\t\t\t<div class=\"elementor-widget-wrap elementor-element-populated\">\n\t\t\t\t\t\t\t\t<div class=\"elementor-element elementor-element-8106353 elementor-widget elementor-widget-text-editor\" data-id=\"8106353\" data-element_type=\"widget\" data-widget_type=\"text-editor.default\">\n\t\t\t\t<div class=\"elementor-widget-container\">\n\t\t\t\t\t\t\t<p><strong>Regimento do conselho municipal de educa\u00e7\u00e3o<\/strong><\/p>\t\t\t\t\t\t<\/div>\n\t\t\t\t<\/div>\n\t\t\t\t\t<\/div>\n\t\t<\/div>\n\t\t\t\t<div class=\"elementor-column elementor-col-25 elementor-top-column elementor-element elementor-element-4b346ca\" data-id=\"4b346ca\" data-element_type=\"column\">\n\t\t\t<div class=\"elementor-widget-wrap elementor-element-populated\">\n\t\t\t\t\t\t\t\t<div class=\"elementor-element elementor-element-ea0a9e4 elementor-view-stacked elementor-shape-square elementor-widget elementor-widget-icon\" data-id=\"ea0a9e4\" data-element_type=\"widget\" data-widget_type=\"icon.default\">\n\t\t\t\t<div class=\"elementor-widget-container\">\n\t\t\t\t\t<div class=\"elementor-icon-wrapper\">\n\t\t\t<a class=\"elementor-icon\" href=\"https:\/\/sispumur.com\/downloads\/002487_eleicoes_livres.pdf\" target=\"_blank\">\n\t\t\t<i aria-hidden=\"true\" class=\"far fa-file-pdf\"><\/i>\t\t\t<\/a>\n\t\t<\/div>\n\t\t\t\t<\/div>\n\t\t\t\t<\/div>\n\t\t\t\t\t<\/div>\n\t\t<\/div>\n\t\t\t\t<div class=\"elementor-column elementor-col-25 elementor-top-column elementor-element elementor-element-e7ff1a8\" data-id=\"e7ff1a8\" data-element_type=\"column\">\n\t\t\t<div class=\"elementor-widget-wrap elementor-element-populated\">\n\t\t\t\t\t\t\t\t<div class=\"elementor-element elementor-element-750338f elementor-widget elementor-widget-text-editor\" data-id=\"750338f\" data-element_type=\"widget\" data-widget_type=\"text-editor.default\">\n\t\t\t\t<div class=\"elementor-widget-container\">\n\t\t\t\t\t\t\t<p><strong>Lei de elei\u00e7\u00f5es livres e diretas para diretor e vice-diretor escolar<\/strong><\/p>\t\t\t\t\t\t<\/div>\n\t\t\t\t<\/div>\n\t\t\t\t\t<\/div>\n\t\t<\/div>\n\t\t\t\t\t\t\t<\/div>\n\t\t<\/section>\n\t\t\t\t<section class=\"elementor-section elementor-top-section elementor-element elementor-element-829a022 elementor-section-boxed elementor-section-height-default elementor-section-height-default\" data-id=\"829a022\" data-element_type=\"section\">\n\t\t\t\t\t\t<div class=\"elementor-container elementor-column-gap-default\">\n\t\t\t\t\t<div class=\"elementor-column elementor-col-25 elementor-top-column elementor-element elementor-element-cab1a3c\" data-id=\"cab1a3c\" data-element_type=\"column\">\n\t\t\t<div class=\"elementor-widget-wrap elementor-element-populated\">\n\t\t\t\t\t\t\t\t<div class=\"elementor-element elementor-element-30d5c0f elementor-view-stacked elementor-shape-square elementor-widget elementor-widget-icon\" data-id=\"30d5c0f\" data-element_type=\"widget\" data-widget_type=\"icon.default\">\n\t\t\t\t<div class=\"elementor-widget-container\">\n\t\t\t\t\t<div class=\"elementor-icon-wrapper\">\n\t\t\t<a class=\"elementor-icon\" href=\"https:\/\/sispumur.com\/downloads\/002492_regimento_cae.pdf\" target=\"_blank\">\n\t\t\t<i aria-hidden=\"true\" class=\"far fa-file-pdf\"><\/i>\t\t\t<\/a>\n\t\t<\/div>\n\t\t\t\t<\/div>\n\t\t\t\t<\/div>\n\t\t\t\t\t<\/div>\n\t\t<\/div>\n\t\t\t\t<div class=\"elementor-column elementor-col-25 elementor-top-column elementor-element elementor-element-224927b\" data-id=\"224927b\" data-element_type=\"column\">\n\t\t\t<div class=\"elementor-widget-wrap elementor-element-populated\">\n\t\t\t\t\t\t\t\t<div class=\"elementor-element elementor-element-c60537a elementor-widget elementor-widget-text-editor\" data-id=\"c60537a\" data-element_type=\"widget\" data-widget_type=\"text-editor.default\">\n\t\t\t\t<div class=\"elementor-widget-container\">\n\t\t\t\t\t\t\t<p><b>Regimento do conselho do CAE<\/b><\/p>\t\t\t\t\t\t<\/div>\n\t\t\t\t<\/div>\n\t\t\t\t\t<\/div>\n\t\t<\/div>\n\t\t\t\t<div class=\"elementor-column elementor-col-25 elementor-top-column elementor-element elementor-element-4caf675\" data-id=\"4caf675\" data-element_type=\"column\">\n\t\t\t<div class=\"elementor-widget-wrap elementor-element-populated\">\n\t\t\t\t\t\t\t\t<div class=\"elementor-element elementor-element-82fc0a1 elementor-view-stacked elementor-shape-square elementor-widget elementor-widget-icon\" data-id=\"82fc0a1\" data-element_type=\"widget\" data-widget_type=\"icon.default\">\n\t\t\t\t<div class=\"elementor-widget-container\">\n\t\t\t\t\t<div class=\"elementor-icon-wrapper\">\n\t\t\t<a class=\"elementor-icon\" href=\"https:\/\/sispumur.com\/downloads\/002493_regimento_conselho_fundeb.pdf\" target=\"_blank\">\n\t\t\t<i aria-hidden=\"true\" class=\"far fa-file-pdf\"><\/i>\t\t\t<\/a>\n\t\t<\/div>\n\t\t\t\t<\/div>\n\t\t\t\t<\/div>\n\t\t\t\t\t<\/div>\n\t\t<\/div>\n\t\t\t\t<div class=\"elementor-column elementor-col-25 elementor-top-column elementor-element elementor-element-39c003e\" data-id=\"39c003e\" data-element_type=\"column\">\n\t\t\t<div class=\"elementor-widget-wrap elementor-element-populated\">\n\t\t\t\t\t\t\t\t<div class=\"elementor-element elementor-element-4ca219e elementor-widget elementor-widget-text-editor\" data-id=\"4ca219e\" data-element_type=\"widget\" data-widget_type=\"text-editor.default\">\n\t\t\t\t<div class=\"elementor-widget-container\">\n\t\t\t\t\t\t\t<p><strong>Regimento do conselho do novo Fundeb<\/strong><\/p>\t\t\t\t\t\t<\/div>\n\t\t\t\t<\/div>\n\t\t\t\t\t<\/div>\n\t\t<\/div>\n\t\t\t\t\t\t\t<\/div>\n\t\t<\/section>\n\t\t\t\t\t\t\t<\/div>\n\t\t","protected":false},"excerpt":{"rendered":"<p>Legisla\u00e7\u00e3o Integer non elementum nulla, sit amet sodales nisi. Integer non velit tempor, rhoncus mi vitae, eleifend quam. Etiam vel<\/p>\n","protected":false},"author":1,"featured_media":0,"parent":0,"menu_order":0,"comment_status":"closed","ping_status":"closed","template":"","meta":[],"yoast_head":"<!-- This site is optimized with the Yoast SEO plugin v19.13 - https:\/\/yoast.com\/wordpress\/plugins\/seo\/ -->\n<title>Legisla\u00e7\u00e3o - SISPUMUR<\/title>\n<meta name=\"robots\" content=\"index, follow, max-snippet:-1, max-image-preview:large, max-video-preview:-1\" \/>\n<link rel=\"canonical\" href=\"https:\/\/sispumur.com\/index.php\/elementor-166\/\" \/>\n<meta property=\"og:locale\" content=\"pt_BR\" \/>\n<meta property=\"og:type\" content=\"article\" \/>\n<meta property=\"og:title\" content=\"Legisla\u00e7\u00e3o - SISPUMUR\" \/>\n<meta property=\"og:description\" content=\"Legisla\u00e7\u00e3o Integer non elementum nulla, sit amet sodales nisi. Integer non velit tempor, rhoncus mi vitae, eleifend quam. Etiam vel\" \/>\n<meta property=\"og:url\" content=\"https:\/\/sispumur.com\/index.php\/elementor-166\/\" \/>\n<meta property=\"og:site_name\" content=\"SISPUMUR\" \/>\n<meta property=\"article:publisher\" content=\"https:\/\/www.facebook.com\/sispumur.guanambi\" \/>\n<meta property=\"article:modified_time\" content=\"2022-04-08T19:21:48+00:00\" \/>\n<meta property=\"og:image\" content=\"https:\/\/sispumur.com\/wp-content\/uploads\/2022\/03\/cropped-logo-e1648996529694.png\" \/>\n\t<meta property=\"og:image:width\" content=\"120\" \/>\n\t<meta property=\"og:image:height\" content=\"120\" \/>\n\t<meta property=\"og:image:type\" content=\"image\/png\" \/>\n<meta name=\"twitter:card\" content=\"summary_large_image\" \/>\n<meta name=\"twitter:label1\" content=\"Est. tempo de leitura\" \/>\n\t<meta name=\"twitter:data1\" content=\"1 minuto\" \/>\n<script type=\"application\/ld+json\" class=\"yoast-schema-graph\">{\"@context\":\"https:\/\/schema.org\",\"@graph\":[{\"@type\":\"WebPage\",\"@id\":\"https:\/\/sispumur.com\/index.php\/elementor-166\/\",\"url\":\"https:\/\/sispumur.com\/index.php\/elementor-166\/\",\"name\":\"Legisla\u00e7\u00e3o - SISPUMUR\",\"isPartOf\":{\"@id\":\"https:\/\/sispumur.com\/#website\"},\"datePublished\":\"2022-04-04T13:14:45+00:00\",\"dateModified\":\"2022-04-08T19:21:48+00:00\",\"breadcrumb\":{\"@id\":\"https:\/\/sispumur.com\/index.php\/elementor-166\/#breadcrumb\"},\"inLanguage\":\"pt-BR\",\"potentialAction\":[{\"@type\":\"ReadAction\",\"target\":[\"https:\/\/sispumur.com\/index.php\/elementor-166\/\"]}]},{\"@type\":\"BreadcrumbList\",\"@id\":\"https:\/\/sispumur.com\/index.php\/elementor-166\/#breadcrumb\",\"itemListElement\":[{\"@type\":\"ListItem\",\"position\":1,\"name\":\"In\u00edcio\",\"item\":\"https:\/\/sispumur.com\/\"},{\"@type\":\"ListItem\",\"position\":2,\"name\":\"Legisla\u00e7\u00e3o\"}]},{\"@type\":\"WebSite\",\"@id\":\"https:\/\/sispumur.com\/#website\",\"url\":\"https:\/\/sispumur.com\/\",\"name\":\"SISPUMUR\",\"description\":\"Sindicato dos Servidores P\u00fablicos Municipais de Guanambi, Candiba, Pindai e Matina BA\",\"publisher\":{\"@id\":\"https:\/\/sispumur.com\/#organization\"},\"potentialAction\":[{\"@type\":\"SearchAction\",\"target\":{\"@type\":\"EntryPoint\",\"urlTemplate\":\"https:\/\/sispumur.com\/?s={search_term_string}\"},\"query-input\":\"required name=search_term_string\"}],\"inLanguage\":\"pt-BR\"},{\"@type\":\"Organization\",\"@id\":\"https:\/\/sispumur.com\/#organization\",\"name\":\"SISPUMUR\",\"url\":\"https:\/\/sispumur.com\/\",\"logo\":{\"@type\":\"ImageObject\",\"inLanguage\":\"pt-BR\",\"@id\":\"https:\/\/sispumur.com\/#\/schema\/logo\/image\/\",\"url\":\"https:\/\/sispumur.com\/wp-content\/uploads\/2022\/03\/cropped-logo-e1648996529694.png\",\"contentUrl\":\"https:\/\/sispumur.com\/wp-content\/uploads\/2022\/03\/cropped-logo-e1648996529694.png\",\"width\":120,\"height\":120,\"caption\":\"SISPUMUR\"},\"image\":{\"@id\":\"https:\/\/sispumur.com\/#\/schema\/logo\/image\/\"},\"sameAs\":[\"https:\/\/www.instagram.com\/sind_sispumur\",\"https:\/\/www.youtube.com\/channel\/UCd_xn57Fx4ZaXe51bAmYGNg\",\"https:\/\/www.facebook.com\/sispumur.guanambi\"]}]}<\/script>\n<!-- \/ Yoast SEO plugin. -->","yoast_head_json":{"title":"Legisla\u00e7\u00e3o - SISPUMUR","robots":{"index":"index","follow":"follow","max-snippet":"max-snippet:-1","max-image-preview":"max-image-preview:large","max-video-preview":"max-video-preview:-1"},"canonical":"https:\/\/sispumur.com\/index.php\/elementor-166\/","og_locale":"pt_BR","og_type":"article","og_title":"Legisla\u00e7\u00e3o - SISPUMUR","og_description":"Legisla\u00e7\u00e3o Integer non elementum nulla, sit amet sodales nisi. Integer non velit tempor, rhoncus mi vitae, eleifend quam. Etiam vel","og_url":"https:\/\/sispumur.com\/index.php\/elementor-166\/","og_site_name":"SISPUMUR","article_publisher":"https:\/\/www.facebook.com\/sispumur.guanambi","article_modified_time":"2022-04-08T19:21:48+00:00","og_image":[{"width":120,"height":120,"url":"https:\/\/sispumur.com\/wp-content\/uploads\/2022\/03\/cropped-logo-e1648996529694.png","type":"image\/png"}],"twitter_card":"summary_large_image","twitter_misc":{"Est. tempo de leitura":"1 minuto"},"schema":{"@context":"https:\/\/schema.org","@graph":[{"@type":"WebPage","@id":"https:\/\/sispumur.com\/index.php\/elementor-166\/","url":"https:\/\/sispumur.com\/index.php\/elementor-166\/","name":"Legisla\u00e7\u00e3o - SISPUMUR","isPartOf":{"@id":"https:\/\/sispumur.com\/#website"},"datePublished":"2022-04-04T13:14:45+00:00","dateModified":"2022-04-08T19:21:48+00:00","breadcrumb":{"@id":"https:\/\/sispumur.com\/index.php\/elementor-166\/#breadcrumb"},"inLanguage":"pt-BR","potentialAction":[{"@type":"ReadAction","target":["https:\/\/sispumur.com\/index.php\/elementor-166\/"]}]},{"@type":"BreadcrumbList","@id":"https:\/\/sispumur.com\/index.php\/elementor-166\/#breadcrumb","itemListElement":[{"@type":"ListItem","position":1,"name":"In\u00edcio","item":"https:\/\/sispumur.com\/"},{"@type":"ListItem","position":2,"name":"Legisla\u00e7\u00e3o"}]},{"@type":"WebSite","@id":"https:\/\/sispumur.com\/#website","url":"https:\/\/sispumur.com\/","name":"SISPUMUR","description":"Sindicato dos Servidores P\u00fablicos Municipais de Guanambi, Candiba, Pindai e Matina BA","publisher":{"@id":"https:\/\/sispumur.com\/#organization"},"potentialAction":[{"@type":"SearchAction","target":{"@type":"EntryPoint","urlTemplate":"https:\/\/sispumur.com\/?s={search_term_string}"},"query-input":"required name=search_term_string"}],"inLanguage":"pt-BR"},{"@type":"Organization","@id":"https:\/\/sispumur.com\/#organization","name":"SISPUMUR","url":"https:\/\/sispumur.com\/","logo":{"@type":"ImageObject","inLanguage":"pt-BR","@id":"https:\/\/sispumur.com\/#\/schema\/logo\/image\/","url":"https:\/\/sispumur.com\/wp-content\/uploads\/2022\/03\/cropped-logo-e1648996529694.png","contentUrl":"https:\/\/sispumur.com\/wp-content\/uploads\/2022\/03\/cropped-logo-e1648996529694.png","width":120,"height":120,"caption":"SISPUMUR"},"image":{"@id":"https:\/\/sispumur.com\/#\/schema\/logo\/image\/"},"sameAs":["https:\/\/www.instagram.com\/sind_sispumur","https:\/\/www.youtube.com\/channel\/UCd_xn57Fx4ZaXe51bAmYGNg","https:\/\/www.facebook.com\/sispumur.guanambi"]}]}},"_links":{"self":[{"href":"https:\/\/sispumur.com\/index.php\/wp-json\/wp\/v2\/pages\/166"}],"collection":[{"href":"https:\/\/sispumur.com\/index.php\/wp-json\/wp\/v2\/pages"}],"about":[{"href":"https:\/\/sispumur.com\/index.php\/wp-json\/wp\/v2\/types\/page"}],"author":[{"embeddable":true,"href":"https:\/\/sispumur.com\/index.php\/wp-json\/wp\/v2\/users\/1"}],"replies":[{"embeddable":true,"href":"https:\/\/sispumur.com\/index.php\/wp-json\/wp\/v2\/comments?post=166"}],"version-history":[{"count":64,"href":"https:\/\/sispumur.com\/index.php\/wp-json\/wp\/v2\/pages\/166\/revisions"}],"predecessor-version":[{"id":316,"href":"https:\/\/sispumur.com\/index.php\/wp-json\/wp\/v2\/pages\/166\/revisions\/316"}],"wp:attachment":[{"href":"https:\/\/sispumur.com\/index.php\/wp-json\/wp\/v2\/media?parent=166"}],"curies":[{"name":"wp","href":"https:\/\/api.w.org\/{rel}","templated":true}]}}